{"id":1370,"date":"2025-07-22T16:09:35","date_gmt":"2025-07-22T14:09:35","guid":{"rendered":"https:\/\/www.biyotee.com\/?page_id=1370"},"modified":"2025-07-23T17:11:39","modified_gmt":"2025-07-23T15:11:39","slug":"testeur-beewize","status":"publish","type":"page","link":"https:\/\/www.biyotee.com\/en\/testeur-beewize\/","title":{"rendered":"BeeWize Tester"},"content":{"rendered":"<div data-elementor-type=\"wp-page\" data-elementor-id=\"1370\" class=\"elementor elementor-1370\">\n\t\t\t\t\t\t<section class=\"elementor-section elementor-top-section elementor-element elementor-element-f862b3c elementor-section-boxed elementor-section-height-default elementor-section-height-default\" data-id=\"f862b3c\" data-element_type=\"section\" data-e-type=\"section\">\n\t\t\t\t\t\t<div class=\"elementor-container elementor-column-gap-default\">\n\t\t\t\t\t<div class=\"elementor-column elementor-col-100 elementor-top-column elementor-element elementor-element-651647f\" data-id=\"651647f\" data-element_type=\"column\" data-e-type=\"column\" data-settings=\"{&quot;background_background&quot;:&quot;classic&quot;}\">\n\t\t\t<div class=\"elementor-widget-wrap elementor-element-populated\">\n\t\t\t\t\t<div class=\"elementor-background-overlay\"><\/div>\n\t\t\t\t\t\t<div class=\"elementor-element elementor-element-9c02d83 elementor-widget elementor-widget-spacer\" data-id=\"9c02d83\" data-element_type=\"widget\" data-e-type=\"widget\" data-widget_type=\"spacer.default\">\n\t\t\t\t<div class=\"elementor-widget-container\">\n\t\t\t\t\t\t\t<div class=\"elementor-spacer\">\n\t\t\t<div class=\"elementor-spacer-inner\"><\/div>\n\t\t<\/div>\n\t\t\t\t\t\t<\/div>\n\t\t\t\t<\/div>\n\t\t\t\t<div class=\"elementor-element elementor-element-11a5d3e elementor-widget elementor-widget-heading\" data-id=\"11a5d3e\" data-element_type=\"widget\" data-e-type=\"widget\" data-widget_type=\"heading.default\">\n\t\t\t\t<div class=\"elementor-widget-container\">\n\t\t\t\t\t<h2 class=\"elementor-heading-title elementor-size-default\">BeeWize Tester<\/h2>\t\t\t\t<\/div>\n\t\t\t\t<\/div>\n\t\t\t\t<div class=\"elementor-element elementor-element-e3dbdb7 elementor-widget elementor-widget-heading\" data-id=\"e3dbdb7\" data-element_type=\"widget\" data-e-type=\"widget\" data-widget_type=\"heading.default\">\n\t\t\t\t<div class=\"elementor-widget-container\">\n\t\t\t\t\t<h3 class=\"elementor-heading-title elementor-size-default\">If you develop, integrate or install Wize products...<\/h3>\t\t\t\t<\/div>\n\t\t\t\t<\/div>\n\t\t\t\t<div class=\"elementor-element elementor-element-7de47df elementor-position-right elementor-vertical-align-top elementor-widget elementor-widget-image-box\" data-id=\"7de47df\" data-element_type=\"widget\" data-e-type=\"widget\" data-widget_type=\"image-box.default\">\n\t\t\t\t<div class=\"elementor-widget-container\">\n\t\t\t\t\t<div class=\"elementor-image-box-wrapper\"><figure class=\"elementor-image-box-img\"><img decoding=\"async\" width=\"191\" height=\"74\" src=\"https:\/\/www.biyotee.com\/wp-content\/uploads\/2025\/07\/Logo-Beewize-transparent.png\" class=\"attachment-full size-full wp-image-1414\" alt=\"\" srcset=\"https:\/\/www.biyotee.com\/wp-content\/uploads\/2025\/07\/Logo-Beewize-transparent.png 191w, https:\/\/www.biyotee.com\/wp-content\/uploads\/2025\/07\/Logo-Beewize-transparent-18x7.png 18w\" sizes=\"(max-width: 191px) 100vw, 191px\" \/><\/figure><div class=\"elementor-image-box-content\"><p class=\"elementor-image-box-description\">Then you will surely need to validate local coverage via the 169MHz network.<br><br>The BeeWize tester is a network detector: it identifies Wize gateways around you. The user can select a network provider and launch a network recognition request to obtain a list of nearby Wize gateways. <br><\/p><\/div><\/div>\t\t\t\t<\/div>\n\t\t\t\t<\/div>\n\t\t\t\t<div class=\"elementor-element elementor-element-f6718df elementor-position-left elementor-vertical-align-top elementor-widget elementor-widget-image-box\" data-id=\"f6718df\" data-element_type=\"widget\" data-e-type=\"widget\" data-widget_type=\"image-box.default\">\n\t\t\t\t<div class=\"elementor-widget-container\">\n\t\t\t\t\t<div class=\"elementor-image-box-wrapper\"><figure class=\"elementor-image-box-img\"><img fetchpriority=\"high\" decoding=\"async\" width=\"300\" height=\"239\" src=\"https:\/\/www.biyotee.com\/wp-content\/uploads\/2025\/07\/Beewize.png\" class=\"attachment-full size-full wp-image-1377\" alt=\"\" srcset=\"https:\/\/www.biyotee.com\/wp-content\/uploads\/2025\/07\/Beewize.png 300w, https:\/\/www.biyotee.com\/wp-content\/uploads\/2025\/07\/Beewize-15x12.png 15w\" sizes=\"(max-width: 300px) 100vw, 300px\" \/><\/figure><div class=\"elementor-image-box-content\"><p class=\"elementor-image-box-description\">It is a diagnostic and decision-making tool for deploying an IoT network, designed to make life easier for professionals in the field. Practical and compact, the BeeWize tester has a USB-C port that allows it to be easily recharged, but also to export the complete results to a computer in a usable format.<br><br>Each search for concentrators is geolocated using the BeeWize tester's GPS module. The list of results is displayed on the BeeWize screen and published in a file containing the concentrator IDs, the measurement location and the quality of the signal detected.<br><\/p><\/div><\/div>\t\t\t\t<\/div>\n\t\t\t\t<\/div>\n\t\t\t\t<div class=\"elementor-element elementor-element-2bb43e0 elementor-widget-divider--view-line elementor-widget elementor-widget-divider\" data-id=\"2bb43e0\" data-element_type=\"widget\" data-e-type=\"widget\" data-widget_type=\"divider.default\">\n\t\t\t\t<div class=\"elementor-widget-container\">\n\t\t\t\t\t\t\t<div class=\"elementor-divider\">\n\t\t\t<span class=\"elementor-divider-separator\">\n\t\t\t\t\t\t<\/span>\n\t\t<\/div>\n\t\t\t\t\t\t<\/div>\n\t\t\t\t<\/div>\n\t\t\t\t<div class=\"elementor-element elementor-element-fcba539 elementor-widget elementor-widget-text-editor\" data-id=\"fcba539\" data-element_type=\"widget\" data-e-type=\"widget\" data-widget_type=\"text-editor.default\">\n\t\t\t\t<div class=\"elementor-widget-container\">\n\t\t\t\t\t\t\t\t\t<p>Please contact Biyotee at <a href=\"mailto:commercial@biyotee.com\">commercial@biyotee.com<\/a> to obtain a quotation, or for any further information.<\/p>\t\t\t\t\t\t\t\t<\/div>\n\t\t\t\t<\/div>\n\t\t\t\t<div class=\"elementor-element elementor-element-2c66956 elementor-position-right elementor-vertical-align-bottom elementor-widget elementor-widget-image-box\" data-id=\"2c66956\" data-element_type=\"widget\" data-e-type=\"widget\" data-widget_type=\"image-box.default\">\n\t\t\t\t<div class=\"elementor-widget-container\">\n\t\t\t\t\t<div class=\"elementor-image-box-wrapper\"><figure class=\"elementor-image-box-img\"><img decoding=\"async\" width=\"189\" height=\"71\" src=\"https:\/\/www.biyotee.com\/wp-content\/uploads\/2025\/07\/wize_alliance.677cd249.png\" class=\"attachment-full size-full wp-image-1389\" alt=\"\" srcset=\"https:\/\/www.biyotee.com\/wp-content\/uploads\/2025\/07\/wize_alliance.677cd249.png 189w, https:\/\/www.biyotee.com\/wp-content\/uploads\/2025\/07\/wize_alliance.677cd249-18x7.png 18w\" sizes=\"(max-width: 189px) 100vw, 189px\" \/><\/figure><div class=\"elementor-image-box-content\"><h5 class=\"elementor-image-box-title\">A product developed in collaboration with the Wize alliance<\/h5><\/div><\/div>\t\t\t\t<\/div>\n\t\t\t\t<\/div>\n\t\t\t\t<div class=\"elementor-element elementor-element-843b7d2 elementor-align-center elementor-widget elementor-widget-button\" data-id=\"843b7d2\" data-element_type=\"widget\" data-e-type=\"widget\" data-widget_type=\"button.default\">\n\t\t\t\t<div class=\"elementor-widget-container\">\n\t\t\t\t\t\t\t\t\t<div class=\"elementor-button-wrapper\">\n\t\t\t\t\t<a class=\"elementor-button elementor-button-link elementor-size-sm\" href=\"https:\/\/www.wize-alliance.com\/\">\n\t\t\t\t\t\t<span class=\"elementor-button-content-wrapper\">\n\t\t\t\t\t\t\t\t\t<span class=\"elementor-button-text\">Learn more about Wize<\/span>\n\t\t\t\t\t<\/span>\n\t\t\t\t\t<\/a>\n\t\t\t\t<\/div>\n\t\t\t\t\t\t\t\t<\/div>\n\t\t\t\t<\/div>\n\t\t\t\t<div class=\"elementor-element elementor-element-10b2d46 elementor-widget elementor-widget-spacer\" data-id=\"10b2d46\" data-element_type=\"widget\" data-e-type=\"widget\" data-widget_type=\"spacer.default\">\n\t\t\t\t<div class=\"elementor-widget-container\">\n\t\t\t\t\t\t\t<div class=\"elementor-spacer\">\n\t\t\t<div class=\"elementor-spacer-inner\"><\/div>\n\t\t<\/div>\n\t\t\t\t\t\t<\/div>\n\t\t\t\t<\/div>\n\t\t\t\t\t<\/div>\n\t\t<\/div>\n\t\t\t\t\t<\/div>\n\t\t<\/section>\n\t\t\t\t<section class=\"elementor-section elementor-top-section elementor-element elementor-element-3be3e57 elementor-section-boxed elementor-section-height-default elementor-section-height-default\" data-id=\"3be3e57\" data-element_type=\"section\" data-e-type=\"section\">\n\t\t\t\t\t\t<div class=\"elementor-container elementor-column-gap-default\">\n\t\t\t\t\t<div class=\"elementor-column elementor-col-100 elementor-top-column elementor-element elementor-element-7355594\" data-id=\"7355594\" data-element_type=\"column\" data-e-type=\"column\">\n\t\t\t<div class=\"elementor-widget-wrap\">\n\t\t\t\t\t\t\t<\/div>\n\t\t<\/div>\n\t\t\t\t\t<\/div>\n\t\t<\/section>\n\t\t\t\t<section class=\"elementor-section elementor-top-section elementor-element elementor-element-a4dffd1 elementor-section-boxed elementor-section-height-default elementor-section-height-default\" data-id=\"a4dffd1\" data-element_type=\"section\" data-e-type=\"section\">\n\t\t\t\t\t\t<div class=\"elementor-container elementor-column-gap-default\">\n\t\t\t\t\t<div class=\"elementor-column elementor-col-100 elementor-top-column elementor-element elementor-element-19f6f72\" data-id=\"19f6f72\" data-element_type=\"column\" data-e-type=\"column\">\n\t\t\t<div class=\"elementor-widget-wrap\">\n\t\t\t\t\t\t\t<\/div>\n\t\t<\/div>\n\t\t\t\t\t<\/div>\n\t\t<\/section>\n\t\t\t\t<\/div>","protected":false},"excerpt":{"rendered":"<p>Testeur BeeWize Si vous d\u00e9veloppez, int\u00e9grez ou installez des produits Wize&#8230; Alors vous aurez s\u00fbrement besoin de valider la couverture locale par le r\u00e9seau 169MHz. Le testeur BeeWize est un d\u00e9tecteur de r\u00e9seau : il identifie les concentrateurs Wize autour de vous. L&rsquo;utilisateur peut s\u00e9lectionner un fournisseur de r\u00e9seau et lancer une demande de reconnaissance&hellip;&nbsp;<a href=\"https:\/\/www.biyotee.com\/en\/testeur-beewize\/\" rel=\"bookmark\">Read More &raquo;<span class=\"screen-reader-text\">BeeWize Tester<\/span><\/a><\/p>","protected":false},"author":5,"featured_media":0,"parent":0,"menu_order":0,"comment_status":"closed","ping_status":"closed","template":"page-templates\/template-pagebuilder-full-width.php","meta":{"content-type":"","neve_meta_sidebar":"","neve_meta_container":"","neve_meta_enable_content_width":"","neve_meta_content_width":0,"neve_meta_title_alignment":"","neve_meta_author_avatar":"","neve_post_elements_order":"","neve_meta_disable_header":"","neve_meta_disable_footer":"","neve_meta_disable_title":"","footnotes":""},"class_list":["post-1370","page","type-page","status-publish","hentry"],"yoast_head":"<!-- This site is optimized with the Yoast SEO plugin v27.5 - https:\/\/yoast.com\/product\/yoast-seo-wordpress\/ -->\n<title>Testeur BeeWize - Biyotee<\/title>\n<meta name=\"robots\" content=\"index, follow, max-snippet:-1, max-image-preview:large, max-video-preview:-1\" \/>\n<link rel=\"canonical\" href=\"https:\/\/www.biyotee.com\/en\/testeur-beewize\/\" \/>\n<meta property=\"og:locale\" content=\"en_GB\" \/>\n<meta property=\"og:type\" content=\"article\" \/>\n<meta property=\"og:title\" content=\"Testeur BeeWize - Biyotee\" \/>\n<meta property=\"og:description\" content=\"Testeur BeeWize Si vous d\u00e9veloppez, int\u00e9grez ou installez des produits Wize&#8230; Alors vous aurez s\u00fbrement besoin de valider la couverture locale par le r\u00e9seau 169MHz. Le testeur BeeWize est un d\u00e9tecteur de r\u00e9seau : il identifie les concentrateurs Wize autour de vous. L&rsquo;utilisateur peut s\u00e9lectionner un fournisseur de r\u00e9seau et lancer une demande de reconnaissance&hellip;&nbsp;Read More &raquo;Testeur BeeWize\" \/>\n<meta property=\"og:url\" content=\"https:\/\/www.biyotee.com\/en\/testeur-beewize\/\" \/>\n<meta property=\"og:site_name\" content=\"Biyotee\" \/>\n<meta property=\"article:modified_time\" content=\"2025-07-23T15:11:39+00:00\" \/>\n<meta property=\"og:image\" content=\"https:\/\/www.biyotee.com\/wp-content\/uploads\/2025\/07\/Logo-Beewize-transparent.png\" \/>\n<meta name=\"twitter:card\" content=\"summary_large_image\" \/>\n<meta name=\"twitter:label1\" content=\"Estimated reading time\" \/>\n\t<meta name=\"twitter:data1\" content=\"2 minutes\" \/>\n<script type=\"application\/ld+json\" class=\"yoast-schema-graph\">{\"@context\":\"https:\\\/\\\/schema.org\",\"@graph\":[{\"@type\":\"WebPage\",\"@id\":\"https:\\\/\\\/www.biyotee.com\\\/testeur-beewize\\\/\",\"url\":\"https:\\\/\\\/www.biyotee.com\\\/testeur-beewize\\\/\",\"name\":\"Testeur BeeWize - Biyotee\",\"isPartOf\":{\"@id\":\"https:\\\/\\\/www.biyotee.com\\\/#website\"},\"primaryImageOfPage\":{\"@id\":\"https:\\\/\\\/www.biyotee.com\\\/testeur-beewize\\\/#primaryimage\"},\"image\":{\"@id\":\"https:\\\/\\\/www.biyotee.com\\\/testeur-beewize\\\/#primaryimage\"},\"thumbnailUrl\":\"https:\\\/\\\/www.biyotee.com\\\/wp-content\\\/uploads\\\/2025\\\/07\\\/Logo-Beewize-transparent.png\",\"datePublished\":\"2025-07-22T14:09:35+00:00\",\"dateModified\":\"2025-07-23T15:11:39+00:00\",\"breadcrumb\":{\"@id\":\"https:\\\/\\\/www.biyotee.com\\\/testeur-beewize\\\/#breadcrumb\"},\"inLanguage\":\"en-GB\",\"potentialAction\":[{\"@type\":\"ReadAction\",\"target\":[\"https:\\\/\\\/www.biyotee.com\\\/testeur-beewize\\\/\"]}]},{\"@type\":\"ImageObject\",\"inLanguage\":\"en-GB\",\"@id\":\"https:\\\/\\\/www.biyotee.com\\\/testeur-beewize\\\/#primaryimage\",\"url\":\"https:\\\/\\\/www.biyotee.com\\\/wp-content\\\/uploads\\\/2025\\\/07\\\/Logo-Beewize-transparent.png\",\"contentUrl\":\"https:\\\/\\\/www.biyotee.com\\\/wp-content\\\/uploads\\\/2025\\\/07\\\/Logo-Beewize-transparent.png\"},{\"@type\":\"BreadcrumbList\",\"@id\":\"https:\\\/\\\/www.biyotee.com\\\/testeur-beewize\\\/#breadcrumb\",\"itemListElement\":[{\"@type\":\"ListItem\",\"position\":1,\"name\":\"Accueil\",\"item\":\"https:\\\/\\\/www.biyotee.com\\\/\"},{\"@type\":\"ListItem\",\"position\":2,\"name\":\"Testeur BeeWize\"}]},{\"@type\":\"WebSite\",\"@id\":\"https:\\\/\\\/www.biyotee.com\\\/#website\",\"url\":\"https:\\\/\\\/www.biyotee.com\\\/\",\"name\":\"Biyotee\",\"description\":\"La radio \u00e9claire la ville\",\"potentialAction\":[{\"@type\":\"SearchAction\",\"target\":{\"@type\":\"EntryPoint\",\"urlTemplate\":\"https:\\\/\\\/www.biyotee.com\\\/?s={search_term_string}\"},\"query-input\":{\"@type\":\"PropertyValueSpecification\",\"valueRequired\":true,\"valueName\":\"search_term_string\"}}],\"inLanguage\":\"en-GB\"}]}<\/script>\n<!-- \/ Yoast SEO plugin. -->","yoast_head_json":{"title":"Testeur BeeWize - Biyotee","robots":{"index":"index","follow":"follow","max-snippet":"max-snippet:-1","max-image-preview":"max-image-preview:large","max-video-preview":"max-video-preview:-1"},"canonical":"https:\/\/www.biyotee.com\/en\/testeur-beewize\/","og_locale":"en_GB","og_type":"article","og_title":"Testeur BeeWize - Biyotee","og_description":"Testeur BeeWize Si vous d\u00e9veloppez, int\u00e9grez ou installez des produits Wize&#8230; Alors vous aurez s\u00fbrement besoin de valider la couverture locale par le r\u00e9seau 169MHz. Le testeur BeeWize est un d\u00e9tecteur de r\u00e9seau : il identifie les concentrateurs Wize autour de vous. L&rsquo;utilisateur peut s\u00e9lectionner un fournisseur de r\u00e9seau et lancer une demande de reconnaissance&hellip;&nbsp;Read More &raquo;Testeur BeeWize","og_url":"https:\/\/www.biyotee.com\/en\/testeur-beewize\/","og_site_name":"Biyotee","article_modified_time":"2025-07-23T15:11:39+00:00","og_image":[{"url":"https:\/\/www.biyotee.com\/wp-content\/uploads\/2025\/07\/Logo-Beewize-transparent.png","type":"","width":"","height":""}],"twitter_card":"summary_large_image","twitter_misc":{"Estimated reading time":"2 minutes"},"schema":{"@context":"https:\/\/schema.org","@graph":[{"@type":"WebPage","@id":"https:\/\/www.biyotee.com\/testeur-beewize\/","url":"https:\/\/www.biyotee.com\/testeur-beewize\/","name":"Testeur BeeWize - Biyotee","isPartOf":{"@id":"https:\/\/www.biyotee.com\/#website"},"primaryImageOfPage":{"@id":"https:\/\/www.biyotee.com\/testeur-beewize\/#primaryimage"},"image":{"@id":"https:\/\/www.biyotee.com\/testeur-beewize\/#primaryimage"},"thumbnailUrl":"https:\/\/www.biyotee.com\/wp-content\/uploads\/2025\/07\/Logo-Beewize-transparent.png","datePublished":"2025-07-22T14:09:35+00:00","dateModified":"2025-07-23T15:11:39+00:00","breadcrumb":{"@id":"https:\/\/www.biyotee.com\/testeur-beewize\/#breadcrumb"},"inLanguage":"en-GB","potentialAction":[{"@type":"ReadAction","target":["https:\/\/www.biyotee.com\/testeur-beewize\/"]}]},{"@type":"ImageObject","inLanguage":"en-GB","@id":"https:\/\/www.biyotee.com\/testeur-beewize\/#primaryimage","url":"https:\/\/www.biyotee.com\/wp-content\/uploads\/2025\/07\/Logo-Beewize-transparent.png","contentUrl":"https:\/\/www.biyotee.com\/wp-content\/uploads\/2025\/07\/Logo-Beewize-transparent.png"},{"@type":"BreadcrumbList","@id":"https:\/\/www.biyotee.com\/testeur-beewize\/#breadcrumb","itemListElement":[{"@type":"ListItem","position":1,"name":"Accueil","item":"https:\/\/www.biyotee.com\/"},{"@type":"ListItem","position":2,"name":"Testeur BeeWize"}]},{"@type":"WebSite","@id":"https:\/\/www.biyotee.com\/#website","url":"https:\/\/www.biyotee.com\/","name":"Biyotee","description":"Radio lights up the city","potentialAction":[{"@type":"SearchAction","target":{"@type":"EntryPoint","urlTemplate":"https:\/\/www.biyotee.com\/?s={search_term_string}"},"query-input":{"@type":"PropertyValueSpecification","valueRequired":true,"valueName":"search_term_string"}}],"inLanguage":"en-GB"}]}},"_links":{"self":[{"href":"https:\/\/www.biyotee.com\/en\/wp-json\/wp\/v2\/pages\/1370","targetHints":{"allow":["GET"]}}],"collection":[{"href":"https:\/\/www.biyotee.com\/en\/wp-json\/wp\/v2\/pages"}],"about":[{"href":"https:\/\/www.biyotee.com\/en\/wp-json\/wp\/v2\/types\/page"}],"author":[{"embeddable":true,"href":"https:\/\/www.biyotee.com\/en\/wp-json\/wp\/v2\/users\/5"}],"replies":[{"embeddable":true,"href":"https:\/\/www.biyotee.com\/en\/wp-json\/wp\/v2\/comments?post=1370"}],"version-history":[{"count":43,"href":"https:\/\/www.biyotee.com\/en\/wp-json\/wp\/v2\/pages\/1370\/revisions"}],"predecessor-version":[{"id":1423,"href":"https:\/\/www.biyotee.com\/en\/wp-json\/wp\/v2\/pages\/1370\/revisions\/1423"}],"wp:attachment":[{"href":"https:\/\/www.biyotee.com\/en\/wp-json\/wp\/v2\/media?parent=1370"}],"curies":[{"name":"wp","href":"https:\/\/api.w.org\/{rel}","templated":true}]}}