{"id":283,"date":"2023-05-11T14:11:24","date_gmt":"2023-05-11T12:11:24","guid":{"rendered":"https:\/\/www.biyotee.com\/?page_id=283"},"modified":"2024-10-14T10:22:41","modified_gmt":"2024-10-14T08:22:41","slug":"fabrication-en-circuit-court","status":"publish","type":"page","link":"https:\/\/www.biyotee.com\/en\/fabrication-en-circuit-court\/","title":{"rendered":"Manufacturers"},"content":{"rendered":"<div data-elementor-type=\"wp-page\" data-elementor-id=\"283\" class=\"elementor elementor-283\">\n\t\t\t\t\t\t<section class=\"elementor-section elementor-top-section elementor-element elementor-element-b85f276 elementor-section-boxed elementor-section-height-default elementor-section-height-default\" data-id=\"b85f276\" data-element_type=\"section\">\n\t\t\t\t\t\t<div class=\"elementor-container elementor-column-gap-default\">\n\t\t\t\t\t<section class=\"elementor-column elementor-col-100 elementor-top-column elementor-element elementor-element-ff24f7b\" data-id=\"ff24f7b\" data-element_type=\"column\" data-settings=\"{&quot;background_background&quot;:&quot;classic&quot;}\">\n\t\t\t<div class=\"elementor-widget-wrap elementor-element-populated\">\n\t\t\t\t\t\t<div class=\"elementor-element elementor-element-9a4a849 elementor-widget elementor-widget-spacer\" data-id=\"9a4a849\" data-element_type=\"widget\" data-widget_type=\"spacer.default\">\n\t\t\t\t<div class=\"elementor-widget-container\">\n\t\t\t\t\t<div class=\"elementor-spacer\">\n\t\t\t<div class=\"elementor-spacer-inner\"><\/div>\n\t\t<\/div>\n\t\t\t\t<\/div>\n\t\t\t\t<\/div>\n\t\t\t\t<div class=\"elementor-element elementor-element-cfd2817 elementor-widget elementor-widget-heading\" data-id=\"cfd2817\" data-element_type=\"widget\" data-widget_type=\"heading.default\">\n\t\t\t\t<div class=\"elementor-widget-container\">\n\t\t\t<h2 class=\"elementor-heading-title elementor-size-default\">A virtuous, short-circuit approach<\/h2>\t\t<\/div>\n\t\t\t\t<\/div>\n\t\t\t\t<div class=\"elementor-element elementor-element-20cf097 elementor-widget-divider--view-line elementor-widget elementor-widget-divider\" data-id=\"20cf097\" data-element_type=\"widget\" data-widget_type=\"divider.default\">\n\t\t\t\t<div class=\"elementor-widget-container\">\n\t\t\t\t\t<div class=\"elementor-divider\">\n\t\t\t<span class=\"elementor-divider-separator\">\n\t\t\t\t\t\t<\/span>\n\t\t<\/div>\n\t\t\t\t<\/div>\n\t\t\t\t<\/div>\n\t\t\t\t<div class=\"elementor-element elementor-element-32e84b1 elementor-position-left elementor-vertical-align-top elementor-widget elementor-widget-image-box\" data-id=\"32e84b1\" data-element_type=\"widget\" data-widget_type=\"image-box.default\">\n\t\t\t\t<div class=\"elementor-widget-container\">\n\t\t\t<div class=\"elementor-image-box-wrapper\"><figure class=\"elementor-image-box-img\"><img fetchpriority=\"high\" decoding=\"async\" width=\"900\" height=\"900\" src=\"https:\/\/www.biyotee.com\/wp-content\/uploads\/2023\/05\/IMG_0079-2.png\" class=\"elementor-animation-grow attachment-full size-full wp-image-966\" alt=\"\" srcset=\"https:\/\/www.biyotee.com\/wp-content\/uploads\/2023\/05\/IMG_0079-2.png 900w, https:\/\/www.biyotee.com\/wp-content\/uploads\/2023\/05\/IMG_0079-2-300x300.png 300w, https:\/\/www.biyotee.com\/wp-content\/uploads\/2023\/05\/IMG_0079-2-150x150.png 150w, https:\/\/www.biyotee.com\/wp-content\/uploads\/2023\/05\/IMG_0079-2-768x768.png 768w\" sizes=\"(max-width: 900px) 100vw, 900px\" \/><\/figure><div class=\"elementor-image-box-content\"><h3 class=\"elementor-image-box-title\">Why produce far away when you can produce close by?<\/h3><p class=\"elementor-image-box-description\">Europe has more than 1500 electronics manufacturers. There's bound to be one near you!<br><br>Our manufacturing model allows us to relocate the production of our entire RDS-LIGHT range, close from your home, and with a service guarantee.<br><br>This short-circuit manufacturing process promotes the local economy and provides flexibility in design and supply.<\/p><\/div><\/div>\t\t<\/div>\n\t\t\t\t<\/div>\n\t\t\t\t<div class=\"elementor-element elementor-element-527c0f5 elementor-position-left elementor-view-default elementor-mobile-position-top elementor-vertical-align-top elementor-widget elementor-widget-icon-box\" data-id=\"527c0f5\" data-element_type=\"widget\" data-widget_type=\"icon-box.default\">\n\t\t\t\t<div class=\"elementor-widget-container\">\n\t\t\t\t\t<div class=\"elementor-icon-box-wrapper\">\n\n\t\t\t\t\t\t<div class=\"elementor-icon-box-icon\">\n\t\t\t\t<span  class=\"elementor-icon elementor-animation-grow\">\n\t\t\t\t<i aria-hidden=\"true\" class=\"far fa-circle\"><\/i>\t\t\t\t<\/span>\n\t\t\t<\/div>\n\t\t\t\n\t\t\t\t\t\t<div class=\"elementor-icon-box-content\">\n\n\t\t\t\t\t\t\t\t\t<h3 class=\"elementor-icon-box-title\">\n\t\t\t\t\t\t<span  >\n\t\t\t\t\t\t\tFree manufacturing\t\t\t\t\t\t<\/span>\n\t\t\t\t\t<\/h3>\n\t\t\t\t\n\t\t\t\t\t\t\t\t\t<p class=\"elementor-icon-box-description\">\n\t\t\t\t\t\tWe provide electronics manufacturers with case manufacturing files and support them in integrating the production process.\t\t\t\t\t<\/p>\n\t\t\t\t\n\t\t\t<\/div>\n\t\t\t\n\t\t<\/div>\n\t\t\t\t<\/div>\n\t\t\t\t<\/div>\n\t\t\t\t<div class=\"elementor-element elementor-element-6489030 elementor-position-left elementor-view-default elementor-mobile-position-top elementor-vertical-align-top elementor-widget elementor-widget-icon-box\" data-id=\"6489030\" data-element_type=\"widget\" data-widget_type=\"icon-box.default\">\n\t\t\t\t<div class=\"elementor-widget-container\">\n\t\t\t\t\t<div class=\"elementor-icon-box-wrapper\">\n\n\t\t\t\t\t\t<div class=\"elementor-icon-box-icon\">\n\t\t\t\t<span  class=\"elementor-icon elementor-animation-grow\">\n\t\t\t\t<i aria-hidden=\"true\" class=\"far fa-circle\"><\/i>\t\t\t\t<\/span>\n\t\t\t<\/div>\n\t\t\t\n\t\t\t\t\t\t<div class=\"elementor-icon-box-content\">\n\n\t\t\t\t\t\t\t\t\t<h3 class=\"elementor-icon-box-title\">\n\t\t\t\t\t\t<span  >\n\t\t\t\t\t\t\tFree certification\t\t\t\t\t\t<\/span>\n\t\t\t\t\t<\/h3>\n\t\t\t\t\n\t\t\t\t\t\t\t\t\t<p class=\"elementor-icon-box-description\">\n\t\t\t\t\t\tWe offer free certification to partner manufacturers to ensure the quality of their RDS-LIGHT boxes. Certified companies can market RDS-LIGHT products under their own brand name, or develop new products compatible with RDS-LIGHT technology.\t\t\t\t\t<\/p>\n\t\t\t\t\n\t\t\t<\/div>\n\t\t\t\n\t\t<\/div>\n\t\t\t\t<\/div>\n\t\t\t\t<\/div>\n\t\t\t\t<div class=\"elementor-element elementor-element-ec2028f elementor-position-left elementor-view-default elementor-mobile-position-top elementor-vertical-align-top elementor-widget elementor-widget-icon-box\" data-id=\"ec2028f\" data-element_type=\"widget\" data-widget_type=\"icon-box.default\">\n\t\t\t\t<div class=\"elementor-widget-container\">\n\t\t\t\t\t<div class=\"elementor-icon-box-wrapper\">\n\n\t\t\t\t\t\t<div class=\"elementor-icon-box-icon\">\n\t\t\t\t<span  class=\"elementor-icon elementor-animation-grow\">\n\t\t\t\t<i aria-hidden=\"true\" class=\"far fa-circle\"><\/i>\t\t\t\t<\/span>\n\t\t\t<\/div>\n\t\t\t\n\t\t\t\t\t\t<div class=\"elementor-icon-box-content\">\n\n\t\t\t\t\t\t\t\t\t<h3 class=\"elementor-icon-box-title\">\n\t\t\t\t\t\t<span  >\n\t\t\t\t\t\t\tA single support point of contact\t\t\t\t\t\t<\/span>\n\t\t\t\t\t<\/h3>\n\t\t\t\t\n\t\t\t\t\t\t\t\t\t<p class=\"elementor-icon-box-description\">\n\t\t\t\t\t\tBiyotee remains your first port of call for support, and you won't need to contact the manufacturers directly, even if you need to replace an enclosure.\t\t\t\t\t<\/p>\n\t\t\t\t\n\t\t\t<\/div>\n\t\t\t\n\t\t<\/div>\n\t\t\t\t<\/div>\n\t\t\t\t<\/div>\n\t\t\t\t<div class=\"elementor-element elementor-element-7dcd2fc elementor-widget elementor-widget-spacer\" data-id=\"7dcd2fc\" data-element_type=\"widget\" data-widget_type=\"spacer.default\">\n\t\t\t\t<div class=\"elementor-widget-container\">\n\t\t\t\t\t<div class=\"elementor-spacer\">\n\t\t\t<div class=\"elementor-spacer-inner\"><\/div>\n\t\t<\/div>\n\t\t\t\t<\/div>\n\t\t\t\t<\/div>\n\t\t\t\t<div class=\"elementor-element elementor-element-ba7aa4e elementor-widget elementor-widget-heading\" data-id=\"ba7aa4e\" data-element_type=\"widget\" data-widget_type=\"heading.default\">\n\t\t\t\t<div class=\"elementor-widget-container\">\n\t\t\t<h2 class=\"elementor-heading-title elementor-size-default\">They are certified<\/h2>\t\t<\/div>\n\t\t\t\t<\/div>\n\t\t\t\t<div class=\"elementor-element elementor-element-60df985 elementor-widget-divider--view-line elementor-widget elementor-widget-divider\" data-id=\"60df985\" data-element_type=\"widget\" data-widget_type=\"divider.default\">\n\t\t\t\t<div class=\"elementor-widget-container\">\n\t\t\t\t\t<div class=\"elementor-divider\">\n\t\t\t<span class=\"elementor-divider-separator\">\n\t\t\t\t\t\t<\/span>\n\t\t<\/div>\n\t\t\t\t<\/div>\n\t\t\t\t<\/div>\n\t\t\t\t<div class=\"elementor-element elementor-element-b6509a8 elementor-widget elementor-widget-image-gallery\" data-id=\"b6509a8\" data-element_type=\"widget\" data-widget_type=\"image-gallery.default\">\n\t\t\t\t<div class=\"elementor-widget-container\">\n\t\t\t\t\t<div class=\"elementor-image-gallery\">\n\t\t\t<div id='gallery-1' class='gallery galleryid-283 gallery-columns-3 gallery-size-medium'><figure class='gallery-item'>\n\t\t\t<div class='gallery-icon landscape'>\n\t\t\t\t<img decoding=\"async\" width=\"300\" height=\"87\" src=\"https:\/\/www.biyotee.com\/wp-content\/uploads\/2020\/07\/logo-axis-electronique-300x87.png\" class=\"attachment-medium size-medium\" alt=\"\" srcset=\"https:\/\/www.biyotee.com\/wp-content\/uploads\/2020\/07\/logo-axis-electronique-300x87.png 300w, https:\/\/www.biyotee.com\/wp-content\/uploads\/2020\/07\/logo-axis-electronique-768x222.png 768w, https:\/\/www.biyotee.com\/wp-content\/uploads\/2020\/07\/logo-axis-electronique.png 1000w\" sizes=\"(max-width: 300px) 100vw, 300px\" \/>\n\t\t\t<\/div><\/figure><figure class='gallery-item'>\n\t\t\t<div class='gallery-icon landscape'>\n\t\t\t\t<img decoding=\"async\" width=\"300\" height=\"90\" src=\"https:\/\/www.biyotee.com\/wp-content\/uploads\/2020\/07\/logo-azkedia-zekat-300x90.png\" class=\"attachment-medium size-medium\" alt=\"\" srcset=\"https:\/\/www.biyotee.com\/wp-content\/uploads\/2020\/07\/logo-azkedia-zekat-300x90.png 300w, https:\/\/www.biyotee.com\/wp-content\/uploads\/2020\/07\/logo-azkedia-zekat-1024x306.png 1024w, https:\/\/www.biyotee.com\/wp-content\/uploads\/2020\/07\/logo-azkedia-zekat-768x229.png 768w, https:\/\/www.biyotee.com\/wp-content\/uploads\/2020\/07\/logo-azkedia-zekat.png 1466w\" sizes=\"(max-width: 300px) 100vw, 300px\" \/>\n\t\t\t<\/div><\/figure><figure class='gallery-item'>\n\t\t\t<div class='gallery-icon landscape'>\n\t\t\t\t<img loading=\"lazy\" decoding=\"async\" width=\"300\" height=\"84\" src=\"https:\/\/www.biyotee.com\/wp-content\/uploads\/2020\/07\/logo-seico-300x84.png\" class=\"attachment-medium size-medium\" alt=\"\" srcset=\"https:\/\/www.biyotee.com\/wp-content\/uploads\/2020\/07\/logo-seico-300x84.png 300w, https:\/\/www.biyotee.com\/wp-content\/uploads\/2020\/07\/logo-seico.png 607w\" sizes=\"(max-width: 300px) 100vw, 300px\" \/>\n\t\t\t<\/div><\/figure>\n\t\t<\/div>\n\t\t<\/div>\n\t\t\t\t<\/div>\n\t\t\t\t<\/div>\n\t\t\t\t<div class=\"elementor-element elementor-element-42d7fec elementor-widget elementor-widget-spacer\" data-id=\"42d7fec\" data-element_type=\"widget\" data-widget_type=\"spacer.default\">\n\t\t\t\t<div class=\"elementor-widget-container\">\n\t\t\t\t\t<div class=\"elementor-spacer\">\n\t\t\t<div class=\"elementor-spacer-inner\"><\/div>\n\t\t<\/div>\n\t\t\t\t<\/div>\n\t\t\t\t<\/div>\n\t\t\t\t<div class=\"elementor-element elementor-element-ae2ec21 elementor-widget elementor-widget-heading\" data-id=\"ae2ec21\" data-element_type=\"widget\" data-widget_type=\"heading.default\">\n\t\t\t\t<div class=\"elementor-widget-container\">\n\t\t\t<h3 class=\"elementor-heading-title elementor-size-default\">Would you like the full list of certified manufacturers or would you like to become a manufacturer of RDS-LIGHT products?<\/h3>\t\t<\/div>\n\t\t\t\t<\/div>\n\t\t\t\t<div class=\"elementor-element elementor-element-b7e4d31 elementor-align-center elementor-widget elementor-widget-button\" data-id=\"b7e4d31\" data-element_type=\"widget\" data-widget_type=\"button.default\">\n\t\t\t\t<div class=\"elementor-widget-container\">\n\t\t\t\t\t<div class=\"elementor-button-wrapper\">\n\t\t\t<a class=\"elementor-button elementor-button-link elementor-size-sm\" href=\"https:\/\/www.biyotee.com\/en\/biyotee-contactez-nous\/\">\n\t\t\t\t\t\t<span class=\"elementor-button-content-wrapper\">\n\t\t\t\t\t\t<span class=\"elementor-button-icon\">\n\t\t\t\t<i aria-hidden=\"true\" class=\"far fa-address-card\"><\/i>\t\t\t<\/span>\n\t\t\t\t\t\t\t\t\t<span class=\"elementor-button-text\">Contact us<\/span>\n\t\t\t\t\t<\/span>\n\t\t\t\t\t<\/a>\n\t\t<\/div>\n\t\t\t\t<\/div>\n\t\t\t\t<\/div>\n\t\t\t\t<div class=\"elementor-element elementor-element-83c34ab elementor-widget elementor-widget-spacer\" data-id=\"83c34ab\" data-element_type=\"widget\" data-widget_type=\"spacer.default\">\n\t\t\t\t<div class=\"elementor-widget-container\">\n\t\t\t\t\t<div class=\"elementor-spacer\">\n\t\t\t<div class=\"elementor-spacer-inner\"><\/div>\n\t\t<\/div>\n\t\t\t\t<\/div>\n\t\t\t\t<\/div>\n\t\t\t\t\t<\/div>\n\t\t<\/section>\n\t\t\t\t\t<\/div>\n\t\t<\/section>\n\t\t\t\t<\/div>","protected":false},"excerpt":{"rendered":"<p>Une approche vertueuse, en circuit court Pourquoi produire loin quand on peut produire pr\u00e8s? La France compte plus de 500 fabricants d&rsquo;\u00e9lectronique, susceptibles de fabriquer pr\u00e8s de chez vous. Il y en a forc\u00e9ment un pr\u00e8s de chez vous ! Notre mod\u00e8le de fabrication nous permet de relocaliser la production de l&rsquo;ensemble de notre gamme&hellip;&nbsp;<a href=\"https:\/\/www.biyotee.com\/en\/fabrication-en-circuit-court\/\" class=\"\" rel=\"bookmark\">Read More &raquo;<span class=\"screen-reader-text\">Manufacturers<\/span><\/a><\/p>","protected":false},"author":5,"featured_media":0,"parent":0,"menu_order":0,"comment_status":"closed","ping_status":"closed","template":"elementor_header_footer","meta":{"content-type":"","neve_meta_sidebar":"","neve_meta_container":"","neve_meta_enable_content_width":"off","neve_meta_content_width":0,"neve_meta_title_alignment":"","neve_meta_author_avatar":"","neve_post_elements_order":"","neve_meta_disable_header":"","neve_meta_disable_footer":"","neve_meta_disable_title":"","footnotes":""},"class_list":["post-283","page","type-page","status-publish","hentry"],"yoast_head":"<!-- This site is optimized with the Yoast SEO plugin v23.5 - https:\/\/yoast.com\/wordpress\/plugins\/seo\/ -->\n<title>Fabricants - Biyotee<\/title>\n<meta name=\"robots\" content=\"index, follow, max-snippet:-1, max-image-preview:large, max-video-preview:-1\" \/>\n<link rel=\"canonical\" href=\"https:\/\/www.biyotee.com\/en\/fabrication-en-circuit-court\/\" \/>\n<meta property=\"og:locale\" content=\"en_GB\" \/>\n<meta property=\"og:type\" content=\"article\" \/>\n<meta property=\"og:title\" content=\"Fabricants - Biyotee\" \/>\n<meta property=\"og:description\" content=\"Une approche vertueuse, en circuit court Pourquoi produire loin quand on peut produire pr\u00e8s? La France compte plus de 500 fabricants d&rsquo;\u00e9lectronique, susceptibles de fabriquer pr\u00e8s de chez vous. Il y en a forc\u00e9ment un pr\u00e8s de chez vous ! Notre mod\u00e8le de fabrication nous permet de relocaliser la production de l&rsquo;ensemble de notre gamme&hellip;&nbsp;Read More &raquo;Fabricants\" \/>\n<meta property=\"og:url\" content=\"https:\/\/www.biyotee.com\/en\/fabrication-en-circuit-court\/\" \/>\n<meta property=\"og:site_name\" content=\"Biyotee\" \/>\n<meta property=\"article:modified_time\" content=\"2024-10-14T08:22:41+00:00\" \/>\n<meta property=\"og:image\" content=\"https:\/\/www.biyotee.com\/wp-content\/uploads\/2023\/05\/IMG_0079-2.png\" \/>\n<meta name=\"twitter:card\" content=\"summary_large_image\" \/>\n<meta name=\"twitter:label1\" content=\"Estimated reading time\" \/>\n\t<meta name=\"twitter:data1\" content=\"2 minutes\" \/>\n<script type=\"application\/ld+json\" class=\"yoast-schema-graph\">{\"@context\":\"https:\/\/schema.org\",\"@graph\":[{\"@type\":\"WebPage\",\"@id\":\"https:\/\/www.biyotee.com\/fabrication-en-circuit-court\/\",\"url\":\"https:\/\/www.biyotee.com\/fabrication-en-circuit-court\/\",\"name\":\"Fabricants - Biyotee\",\"isPartOf\":{\"@id\":\"https:\/\/www.biyotee.com\/#website\"},\"primaryImageOfPage\":{\"@id\":\"https:\/\/www.biyotee.com\/fabrication-en-circuit-court\/#primaryimage\"},\"image\":{\"@id\":\"https:\/\/www.biyotee.com\/fabrication-en-circuit-court\/#primaryimage\"},\"thumbnailUrl\":\"https:\/\/www.biyotee.com\/wp-content\/uploads\/2023\/05\/IMG_0079-2.png\",\"datePublished\":\"2023-05-11T12:11:24+00:00\",\"dateModified\":\"2024-10-14T08:22:41+00:00\",\"breadcrumb\":{\"@id\":\"https:\/\/www.biyotee.com\/fabrication-en-circuit-court\/#breadcrumb\"},\"inLanguage\":\"en-GB\",\"potentialAction\":[{\"@type\":\"ReadAction\",\"target\":[\"https:\/\/www.biyotee.com\/fabrication-en-circuit-court\/\"]}]},{\"@type\":\"ImageObject\",\"inLanguage\":\"en-GB\",\"@id\":\"https:\/\/www.biyotee.com\/fabrication-en-circuit-court\/#primaryimage\",\"url\":\"https:\/\/www.biyotee.com\/wp-content\/uploads\/2023\/05\/IMG_0079-2.png\",\"contentUrl\":\"https:\/\/www.biyotee.com\/wp-content\/uploads\/2023\/05\/IMG_0079-2.png\"},{\"@type\":\"BreadcrumbList\",\"@id\":\"https:\/\/www.biyotee.com\/fabrication-en-circuit-court\/#breadcrumb\",\"itemListElement\":[{\"@type\":\"ListItem\",\"position\":1,\"name\":\"Accueil\",\"item\":\"https:\/\/www.biyotee.com\/\"},{\"@type\":\"ListItem\",\"position\":2,\"name\":\"Fabricants\"}]},{\"@type\":\"WebSite\",\"@id\":\"https:\/\/www.biyotee.com\/#website\",\"url\":\"https:\/\/www.biyotee.com\/\",\"name\":\"Biyotee\",\"description\":\"La radio \u00e9claire la ville\",\"potentialAction\":[{\"@type\":\"SearchAction\",\"target\":{\"@type\":\"EntryPoint\",\"urlTemplate\":\"https:\/\/www.biyotee.com\/?s={search_term_string}\"},\"query-input\":{\"@type\":\"PropertyValueSpecification\",\"valueRequired\":true,\"valueName\":\"search_term_string\"}}],\"inLanguage\":\"en-GB\"}]}<\/script>\n<!-- \/ Yoast SEO plugin. -->","yoast_head_json":{"title":"Fabricants - Biyotee","robots":{"index":"index","follow":"follow","max-snippet":"max-snippet:-1","max-image-preview":"max-image-preview:large","max-video-preview":"max-video-preview:-1"},"canonical":"https:\/\/www.biyotee.com\/en\/fabrication-en-circuit-court\/","og_locale":"en_GB","og_type":"article","og_title":"Fabricants - Biyotee","og_description":"Une approche vertueuse, en circuit court Pourquoi produire loin quand on peut produire pr\u00e8s? La France compte plus de 500 fabricants d&rsquo;\u00e9lectronique, susceptibles de fabriquer pr\u00e8s de chez vous. Il y en a forc\u00e9ment un pr\u00e8s de chez vous ! Notre mod\u00e8le de fabrication nous permet de relocaliser la production de l&rsquo;ensemble de notre gamme&hellip;&nbsp;Read More &raquo;Fabricants","og_url":"https:\/\/www.biyotee.com\/en\/fabrication-en-circuit-court\/","og_site_name":"Biyotee","article_modified_time":"2024-10-14T08:22:41+00:00","og_image":[{"url":"https:\/\/www.biyotee.com\/wp-content\/uploads\/2023\/05\/IMG_0079-2.png"}],"twitter_card":"summary_large_image","twitter_misc":{"Estimated reading time":"2 minutes"},"schema":{"@context":"https:\/\/schema.org","@graph":[{"@type":"WebPage","@id":"https:\/\/www.biyotee.com\/fabrication-en-circuit-court\/","url":"https:\/\/www.biyotee.com\/fabrication-en-circuit-court\/","name":"Fabricants - Biyotee","isPartOf":{"@id":"https:\/\/www.biyotee.com\/#website"},"primaryImageOfPage":{"@id":"https:\/\/www.biyotee.com\/fabrication-en-circuit-court\/#primaryimage"},"image":{"@id":"https:\/\/www.biyotee.com\/fabrication-en-circuit-court\/#primaryimage"},"thumbnailUrl":"https:\/\/www.biyotee.com\/wp-content\/uploads\/2023\/05\/IMG_0079-2.png","datePublished":"2023-05-11T12:11:24+00:00","dateModified":"2024-10-14T08:22:41+00:00","breadcrumb":{"@id":"https:\/\/www.biyotee.com\/fabrication-en-circuit-court\/#breadcrumb"},"inLanguage":"en-GB","potentialAction":[{"@type":"ReadAction","target":["https:\/\/www.biyotee.com\/fabrication-en-circuit-court\/"]}]},{"@type":"ImageObject","inLanguage":"en-GB","@id":"https:\/\/www.biyotee.com\/fabrication-en-circuit-court\/#primaryimage","url":"https:\/\/www.biyotee.com\/wp-content\/uploads\/2023\/05\/IMG_0079-2.png","contentUrl":"https:\/\/www.biyotee.com\/wp-content\/uploads\/2023\/05\/IMG_0079-2.png"},{"@type":"BreadcrumbList","@id":"https:\/\/www.biyotee.com\/fabrication-en-circuit-court\/#breadcrumb","itemListElement":[{"@type":"ListItem","position":1,"name":"Accueil","item":"https:\/\/www.biyotee.com\/"},{"@type":"ListItem","position":2,"name":"Fabricants"}]},{"@type":"WebSite","@id":"https:\/\/www.biyotee.com\/#website","url":"https:\/\/www.biyotee.com\/","name":"Biyotee","description":"Radio lights up the city","potentialAction":[{"@type":"SearchAction","target":{"@type":"EntryPoint","urlTemplate":"https:\/\/www.biyotee.com\/?s={search_term_string}"},"query-input":{"@type":"PropertyValueSpecification","valueRequired":true,"valueName":"search_term_string"}}],"inLanguage":"en-GB"}]}},"_links":{"self":[{"href":"https:\/\/www.biyotee.com\/en\/wp-json\/wp\/v2\/pages\/283"}],"collection":[{"href":"https:\/\/www.biyotee.com\/en\/wp-json\/wp\/v2\/pages"}],"about":[{"href":"https:\/\/www.biyotee.com\/en\/wp-json\/wp\/v2\/types\/page"}],"author":[{"embeddable":true,"href":"https:\/\/www.biyotee.com\/en\/wp-json\/wp\/v2\/users\/5"}],"replies":[{"embeddable":true,"href":"https:\/\/www.biyotee.com\/en\/wp-json\/wp\/v2\/comments?post=283"}],"version-history":[{"count":29,"href":"https:\/\/www.biyotee.com\/en\/wp-json\/wp\/v2\/pages\/283\/revisions"}],"predecessor-version":[{"id":1313,"href":"https:\/\/www.biyotee.com\/en\/wp-json\/wp\/v2\/pages\/283\/revisions\/1313"}],"wp:attachment":[{"href":"https:\/\/www.biyotee.com\/en\/wp-json\/wp\/v2\/media?parent=283"}],"curies":[{"name":"wp","href":"https:\/\/api.w.org\/{rel}","templated":true}]}}