{"id":44,"date":"2023-05-11T15:43:52","date_gmt":"2023-05-11T13:43:52","guid":{"rendered":"https:\/\/biyotee.com\/?page_id=44"},"modified":"2024-10-14T10:12:56","modified_gmt":"2024-10-14T08:12:56","slug":"biyotee-contactez-nous","status":"publish","type":"page","link":"https:\/\/www.biyotee.com\/en\/biyotee-contactez-nous\/","title":{"rendered":"Contact"},"content":{"rendered":"<div data-elementor-type=\"wp-page\" data-elementor-id=\"44\" class=\"elementor elementor-44\">\n\t\t\t\t\t\t<section class=\"elementor-section elementor-top-section elementor-element elementor-element-52d3ad35 elementor-section-boxed elementor-section-height-default elementor-section-height-default\" data-id=\"52d3ad35\" data-element_type=\"section\">\n\t\t\t\t\t\t<div class=\"elementor-container elementor-column-gap-default\">\n\t\t\t\t\t<div class=\"elementor-column elementor-col-100 elementor-top-column elementor-element elementor-element-8a364d0\" data-id=\"8a364d0\" data-element_type=\"column\" data-settings=\"{&quot;background_background&quot;:&quot;classic&quot;}\">\n\t\t\t<div class=\"elementor-widget-wrap elementor-element-populated\">\n\t\t\t\t\t\t<div class=\"elementor-element elementor-element-a877e13 elementor-widget elementor-widget-spacer\" data-id=\"a877e13\" data-element_type=\"widget\" data-widget_type=\"spacer.default\">\n\t\t\t\t<div class=\"elementor-widget-container\">\n\t\t\t\t\t<div class=\"elementor-spacer\">\n\t\t\t<div class=\"elementor-spacer-inner\"><\/div>\n\t\t<\/div>\n\t\t\t\t<\/div>\n\t\t\t\t<\/div>\n\t\t\t\t<div class=\"elementor-element elementor-element-0998cc5 elementor-widget elementor-widget-spacer\" data-id=\"0998cc5\" data-element_type=\"widget\" data-widget_type=\"spacer.default\">\n\t\t\t\t<div class=\"elementor-widget-container\">\n\t\t\t\t\t<div class=\"elementor-spacer\">\n\t\t\t<div class=\"elementor-spacer-inner\"><\/div>\n\t\t<\/div>\n\t\t\t\t<\/div>\n\t\t\t\t<\/div>\n\t\t\t\t<div class=\"elementor-element elementor-element-a7a63b0 elementor-widget elementor-widget-heading\" data-id=\"a7a63b0\" data-element_type=\"widget\" data-widget_type=\"heading.default\">\n\t\t\t\t<div class=\"elementor-widget-container\">\n\t\t\t<h2 class=\"elementor-heading-title elementor-size-default\">Contact us for a project or a question <\/h2>\t\t<\/div>\n\t\t\t\t<\/div>\n\t\t\t\t<div class=\"elementor-element elementor-element-34d1e016 elementor-widget elementor-widget-text-editor\" data-id=\"34d1e016\" data-element_type=\"widget\" data-widget_type=\"text-editor.default\">\n\t\t\t\t<div class=\"elementor-widget-container\">\n\t\t\t\t\t\t\t<h4>Send us a message using the form below. We'll get back to you as soon as possible!<\/h4>\t\t\t\t\t\t<\/div>\n\t\t\t\t<\/div>\n\t\t\t\t<div class=\"elementor-element elementor-element-38e59ef elementor-hidden-desktop elementor-hidden-tablet elementor-hidden-phone elementor-widget elementor-widget-content_form_contact\" data-id=\"38e59ef\" data-element_type=\"widget\" data-widget_type=\"content_form_contact.default\">\n\t\t\t\t<div class=\"elementor-widget-container\">\n\t\t\t<form action=\"https:\/\/www.biyotee.com\/wp-admin\/admin-post.php\" method=\"post\" name=\"content-form-38e59ef\" id=\"content-form-38e59ef\" class=\"ti-cf-module content-form content-form-contact content_form_contact\"><input type=\"hidden\" id=\"_wpnonce_contact\" name=\"_wpnonce_contact\" value=\"d34e588df1\" \/><input type=\"hidden\" name=\"_wp_http_referer\" value=\"\/en\/wp-json\/wp\/v2\/pages\/44\" \/><input type=\"hidden\" name=\"action\" value=\"content_form_submit\" \/><input type=\"hidden\" name=\"form-type\" value=\"contact\" \/><input type=\"hidden\" name=\"form-builder\" value=\"elementor\" \/><input type=\"hidden\" name=\"post-id\" value=\"44\" \/><input type=\"hidden\" name=\"form-id\" value=\"38e59ef\" \/><fieldset class=\"content-form-field-text elementor-column elementor-col-100\"><label for=\"data[38e59ef][name]\" >Name <span class=\"required-mark\"> *<\/span><\/label><input type=\"text\" name=\"data[38e59ef][name]\" id=\"data[38e59ef][name]\" required=\"required\"  placeholder=\"Name\"><\/fieldset><fieldset class=\"content-form-field-text elementor-column elementor-col-100\"><label for=\"data[38e59ef][name]\" >Pr\u00e9nom<span class=\"required-mark\"> *<\/span><\/label><input type=\"text\" name=\"data[38e59ef][name]\" id=\"data[38e59ef][name]\" required=\"required\"  placeholder=\"Pr\u00e9nom\"><\/fieldset><fieldset class=\"content-form-field-email elementor-column elementor-col-100\"><label for=\"data[38e59ef][email]\" >Email<span class=\"required-mark\"> *<\/span><\/label><input type=\"text\" name=\"data[38e59ef][email]\" id=\"data[38e59ef][email]\" required=\"required\"  placeholder=\"Email\"><\/fieldset><fieldset class=\"content-form-field-number elementor-column elementor-col-100\"><label for=\"data[38e59ef][phone]\" >Phone<\/label><input type=\"text\" name=\"data[38e59ef][phone]\" id=\"data[38e59ef][phone]\"   placeholder=\"Phone \"><\/fieldset><fieldset class=\"content-form-field-textarea elementor-column elementor-col-100\"><label for=\"data[38e59ef][message]\" >Message<span class=\"required-mark\"> *<\/span><\/label><textarea name=\"data[38e59ef][message]\" id=\"data[38e59ef][message]\"  required=\"required\" placeholder=\"Message\" cols=\"30\" rows=\"5\"><\/textarea><\/fieldset><fieldset class=\"submit-form contact\"><button type=\"submit\" name=\"submit\"  value=\"submit-contact-38e59ef\" class=\"\">Submit<\/button><\/fieldset><\/form>\t\t<\/div>\n\t\t\t\t<\/div>\n\t\t\t\t<div class=\"elementor-element elementor-element-d82df65 elementor-widget elementor-widget-wp-widget-wpforms-widget\" data-id=\"d82df65\" data-element_type=\"widget\" data-widget_type=\"wp-widget-wpforms-widget.default\">\n\t\t\t\t<div class=\"elementor-widget-container\">\n\t\t\t<div class=\"wpforms-container wpforms-container-full\" id=\"wpforms-46\"><form id=\"wpforms-form-46\" class=\"wpforms-validate wpforms-form\" data-formid=\"46\" method=\"post\" enctype=\"multipart\/form-data\" action=\"\/en\/wp-json\/wp\/v2\/pages\/44\" data-token=\"62024425830aeca8e7c0fcbfc0e6bb1b\" data-token-time=\"1775663614\" data-trp-original-action=\"\/en\/wp-json\/wp\/v2\/pages\/44\"><noscript class=\"wpforms-error-noscript\">Please enable JavaScript in your browser to complete this form.<\/noscript><div class=\"wpforms-field-container\"><div id=\"wpforms-46-field_6-container\" class=\"wpforms-field wpforms-field-name\" data-field-id=\"6\"><label class=\"wpforms-field-label\">Name <span class=\"wpforms-required-label\">*<\/span><\/label><div class=\"wpforms-field-row wpforms-field-medium\"><div class=\"wpforms-field-row-block wpforms-first wpforms-one-half\"><input type=\"text\" id=\"wpforms-46-field_6\" class=\"wpforms-field-name-first wpforms-field-required\" name=\"wpforms[fields][6][first]\" required><label for=\"wpforms-46-field_6\" class=\"wpforms-field-sublabel after\">First<\/label><\/div><div class=\"wpforms-field-row-block wpforms-one-half\"><input type=\"text\" id=\"wpforms-46-field_6-last\" class=\"wpforms-field-name-last wpforms-field-required\" name=\"wpforms[fields][6][last]\" required><label for=\"wpforms-46-field_6-last\" class=\"wpforms-field-sublabel after\">Last<\/label><\/div><\/div><\/div><div id=\"wpforms-46-field_2-container\" class=\"wpforms-field wpforms-field-email\" data-field-id=\"2\"><label class=\"wpforms-field-label\" for=\"wpforms-46-field_2\">Email <span class=\"wpforms-required-label\">*<\/span><\/label><input type=\"email\" id=\"wpforms-46-field_2\" class=\"wpforms-field-medium wpforms-field-required\" name=\"wpforms[fields][2]\" spellcheck=\"false\" required><\/div><div id=\"wpforms-46-field_4-container\" class=\"wpforms-field wpforms-field-text\" data-field-id=\"4\"><label class=\"wpforms-field-label\" for=\"wpforms-46-field_4\">Phone<\/label><input type=\"text\" id=\"wpforms-46-field_4\" class=\"wpforms-field-medium\" name=\"wpforms[fields][4]\" ><\/div><div id=\"wpforms-46-field_5-container\" class=\"wpforms-field wpforms-field-textarea\" data-field-id=\"5\"><label class=\"wpforms-field-label\" for=\"wpforms-46-field_5\">Message <span class=\"wpforms-required-label\">*<\/span><\/label><textarea id=\"wpforms-46-field_5\" class=\"wpforms-field-medium wpforms-field-required\" name=\"wpforms[fields][5]\" required><\/textarea><\/div><div id=\"wpforms-46-field_7-container\" class=\"wpforms-field wpforms-field-gdpr-checkbox\" data-field-id=\"7\"><label class=\"wpforms-field-label\">GDPR consent <span class=\"wpforms-required-label\">*<\/span><\/label><ul id=\"wpforms-46-field_7\" class=\"wpforms-field-required\"><li class=\"choice-1\"><input type=\"checkbox\" id=\"wpforms-46-field_7_1\" name=\"wpforms[fields][7][]\" value=\"Je consens \u00e0 ce que ce site stocke mes informations envoy\u00e9es afin qu\u2019ils puissent r\u00e9pondre \u00e0 ma requ\u00eate.\" required><label class=\"wpforms-field-label-inline\" for=\"wpforms-46-field_7_1\">I consent to this site storing the information I have sent so that they can respond to my request.<\/label><\/li><\/ul><\/div><\/div><!-- .wpforms-field-container --><div class=\"wpforms-field wpforms-field-hp\"><label for=\"wpforms-46-field-hp\" class=\"wpforms-field-label\">Website<\/label><input type=\"text\" name=\"wpforms[hp]\" id=\"wpforms-46-field-hp\" class=\"wpforms-field-medium\"><\/div><div class=\"wpforms-recaptcha-container wpforms-is-hcaptcha\" ><div class=\"g-recaptcha\" data-sitekey=\"aa8508a9-f7f8-4ae9-a190-922a6ed4f676\"><\/div><input type=\"text\" name=\"g-recaptcha-hidden\" class=\"wpforms-recaptcha-hidden\" style=\"position:absolute!important;clip:rect(0,0,0,0)!important;height:1px!important;width:1px!important;border:0!important;overflow:hidden!important;padding:0!important;margin:0!important;\" data-rule-hcaptcha=\"1\"><\/div><div class=\"wpforms-submit-container\" ><input type=\"hidden\" name=\"wpforms[id]\" value=\"46\"><input type=\"hidden\" name=\"page_title\" value=\"\"><input type=\"hidden\" name=\"page_url\" value=\"https:\/\/www.biyotee.com\/en\/wp-json\/wp\/v2\/pages\/44\"><input type=\"hidden\" name=\"url_referer\" value=\"\"><button type=\"submit\" name=\"wpforms[submit]\" id=\"wpforms-submit-46\" class=\"wpforms-submit\" data-alt-text=\"Sending...\" data-submit-text=\"Envoyer\" aria-live=\"assertive\" value=\"wpforms-submit\">Submit<\/button><\/div><input type=\"hidden\" name=\"trp-form-language\" value=\"en\"\/><\/form><\/div>  <!-- .wpforms-container -->\t\t<\/div>\n\t\t\t\t<\/div>\n\t\t\t\t<div class=\"elementor-element elementor-element-7f64486 elementor-widget elementor-widget-heading\" data-id=\"7f64486\" data-element_type=\"widget\" data-widget_type=\"heading.default\">\n\t\t\t\t<div class=\"elementor-widget-container\">\n\t\t\t<h2 class=\"elementor-heading-title elementor-size-default\">Don't hesitate to ask for our documentation!<\/h2>\t\t<\/div>\n\t\t\t\t<\/div>\n\t\t\t\t<div class=\"elementor-element elementor-element-d171434 elementor-align-center elementor-widget elementor-widget-button\" data-id=\"d171434\" data-element_type=\"widget\" data-widget_type=\"button.default\">\n\t\t\t\t<div class=\"elementor-widget-container\">\n\t\t\t\t\t<div class=\"elementor-button-wrapper\">\n\t\t\t<a class=\"elementor-button elementor-button-link elementor-size-md\" href=\"https:\/\/www.biyotee.com\/en\/documentation-biyotee-rds-light\/\">\n\t\t\t\t\t\t<span class=\"elementor-button-content-wrapper\">\n\t\t\t\t\t\t\t\t\t<span class=\"elementor-button-text\">Documentation<\/span>\n\t\t\t\t\t<\/span>\n\t\t\t\t\t<\/a>\n\t\t<\/div>\n\t\t\t\t<\/div>\n\t\t\t\t<\/div>\n\t\t\t\t<div class=\"elementor-element elementor-element-87a4301 elementor-widget elementor-widget-spacer\" data-id=\"87a4301\" data-element_type=\"widget\" data-widget_type=\"spacer.default\">\n\t\t\t\t<div class=\"elementor-widget-container\">\n\t\t\t\t\t<div class=\"elementor-spacer\">\n\t\t\t<div class=\"elementor-spacer-inner\"><\/div>\n\t\t<\/div>\n\t\t\t\t<\/div>\n\t\t\t\t<\/div>\n\t\t\t\t\t<\/div>\n\t\t<\/div>\n\t\t\t\t\t<\/div>\n\t\t<\/section>\n\t\t\t\t<\/div>","protected":false},"excerpt":{"rendered":"<p>Contactez nous, pour un projet ou une question Envoyez-nous un message avec le formulaire ci-dessous. Nous vous r\u00e9pondrons d\u00e8s que possible ! Nom * Pr\u00e9nom * Email * T\u00e9l\u00e9phone Message * Envoyer N&rsquo;h\u00e9sitez pas \u00e0 demander la documentation ! Documentation<\/p>","protected":false},"author":5,"featured_media":0,"parent":0,"menu_order":0,"comment_status":"closed","ping_status":"closed","template":"elementor_header_footer","meta":{"content-type":"","neve_meta_sidebar":"","neve_meta_container":"","neve_meta_enable_content_width":"off","neve_meta_content_width":0,"neve_meta_title_alignment":"","neve_meta_author_avatar":"","neve_post_elements_order":"","neve_meta_disable_header":"","neve_meta_disable_footer":"","neve_meta_disable_title":"","footnotes":""},"class_list":["post-44","page","type-page","status-publish","hentry"],"yoast_head":"<!-- This site is optimized with the Yoast SEO plugin v23.5 - https:\/\/yoast.com\/wordpress\/plugins\/seo\/ -->\n<title>Contact - Biyotee<\/title>\n<meta name=\"description\" content=\"Pour contacter Biyotee, vous pouvez utiliser le formulaire de contact ou nous envoyer un mail \u00e0 : commercial@biyotee.com.\" \/>\n<meta name=\"robots\" content=\"index, follow, max-snippet:-1, max-image-preview:large, max-video-preview:-1\" \/>\n<link rel=\"canonical\" href=\"https:\/\/www.biyotee.com\/en\/biyotee-contactez-nous\/\" \/>\n<meta property=\"og:locale\" content=\"en_GB\" \/>\n<meta property=\"og:type\" content=\"article\" \/>\n<meta property=\"og:title\" content=\"Contact - Biyotee\" \/>\n<meta property=\"og:description\" content=\"Pour contacter Biyotee, vous pouvez utiliser le formulaire de contact ou nous envoyer un mail \u00e0 : commercial@biyotee.com.\" \/>\n<meta property=\"og:url\" content=\"https:\/\/www.biyotee.com\/en\/biyotee-contactez-nous\/\" \/>\n<meta property=\"og:site_name\" content=\"Biyotee\" \/>\n<meta property=\"article:modified_time\" content=\"2024-10-14T08:12:56+00:00\" \/>\n<meta name=\"twitter:card\" content=\"summary_large_image\" \/>\n<meta name=\"twitter:label1\" content=\"Estimated reading time\" \/>\n\t<meta name=\"twitter:data1\" content=\"1 minute\" \/>\n<script type=\"application\/ld+json\" class=\"yoast-schema-graph\">{\"@context\":\"https:\/\/schema.org\",\"@graph\":[{\"@type\":\"WebPage\",\"@id\":\"https:\/\/www.biyotee.com\/biyotee-contactez-nous\/\",\"url\":\"https:\/\/www.biyotee.com\/biyotee-contactez-nous\/\",\"name\":\"Contact - Biyotee\",\"isPartOf\":{\"@id\":\"https:\/\/www.biyotee.com\/#website\"},\"datePublished\":\"2023-05-11T13:43:52+00:00\",\"dateModified\":\"2024-10-14T08:12:56+00:00\",\"description\":\"Pour contacter Biyotee, vous pouvez utiliser le formulaire de contact ou nous envoyer un mail \u00e0 : commercial@biyotee.com.\",\"breadcrumb\":{\"@id\":\"https:\/\/www.biyotee.com\/biyotee-contactez-nous\/#breadcrumb\"},\"inLanguage\":\"en-GB\",\"potentialAction\":[{\"@type\":\"ReadAction\",\"target\":[\"https:\/\/www.biyotee.com\/biyotee-contactez-nous\/\"]}]},{\"@type\":\"BreadcrumbList\",\"@id\":\"https:\/\/www.biyotee.com\/biyotee-contactez-nous\/#breadcrumb\",\"itemListElement\":[{\"@type\":\"ListItem\",\"position\":1,\"name\":\"Accueil\",\"item\":\"https:\/\/www.biyotee.com\/\"},{\"@type\":\"ListItem\",\"position\":2,\"name\":\"Contact\"}]},{\"@type\":\"WebSite\",\"@id\":\"https:\/\/www.biyotee.com\/#website\",\"url\":\"https:\/\/www.biyotee.com\/\",\"name\":\"Biyotee\",\"description\":\"La radio \u00e9claire la ville\",\"potentialAction\":[{\"@type\":\"SearchAction\",\"target\":{\"@type\":\"EntryPoint\",\"urlTemplate\":\"https:\/\/www.biyotee.com\/?s={search_term_string}\"},\"query-input\":{\"@type\":\"PropertyValueSpecification\",\"valueRequired\":true,\"valueName\":\"search_term_string\"}}],\"inLanguage\":\"en-GB\"}]}<\/script>\n<!-- \/ Yoast SEO plugin. -->","yoast_head_json":{"title":"Contact - Biyotee","description":"Pour contacter Biyotee, vous pouvez utiliser le formulaire de contact ou nous envoyer un mail \u00e0 : commercial@biyotee.com.","robots":{"index":"index","follow":"follow","max-snippet":"max-snippet:-1","max-image-preview":"max-image-preview:large","max-video-preview":"max-video-preview:-1"},"canonical":"https:\/\/www.biyotee.com\/en\/biyotee-contactez-nous\/","og_locale":"en_GB","og_type":"article","og_title":"Contact - Biyotee","og_description":"Pour contacter Biyotee, vous pouvez utiliser le formulaire de contact ou nous envoyer un mail \u00e0 : commercial@biyotee.com.","og_url":"https:\/\/www.biyotee.com\/en\/biyotee-contactez-nous\/","og_site_name":"Biyotee","article_modified_time":"2024-10-14T08:12:56+00:00","twitter_card":"summary_large_image","twitter_misc":{"Estimated reading time":"1 minute"},"schema":{"@context":"https:\/\/schema.org","@graph":[{"@type":"WebPage","@id":"https:\/\/www.biyotee.com\/biyotee-contactez-nous\/","url":"https:\/\/www.biyotee.com\/biyotee-contactez-nous\/","name":"Contact - Biyotee","isPartOf":{"@id":"https:\/\/www.biyotee.com\/#website"},"datePublished":"2023-05-11T13:43:52+00:00","dateModified":"2024-10-14T08:12:56+00:00","description":"Pour contacter Biyotee, vous pouvez utiliser le formulaire de contact ou nous envoyer un mail \u00e0 : commercial@biyotee.com.","breadcrumb":{"@id":"https:\/\/www.biyotee.com\/biyotee-contactez-nous\/#breadcrumb"},"inLanguage":"en-GB","potentialAction":[{"@type":"ReadAction","target":["https:\/\/www.biyotee.com\/biyotee-contactez-nous\/"]}]},{"@type":"BreadcrumbList","@id":"https:\/\/www.biyotee.com\/biyotee-contactez-nous\/#breadcrumb","itemListElement":[{"@type":"ListItem","position":1,"name":"Accueil","item":"https:\/\/www.biyotee.com\/"},{"@type":"ListItem","position":2,"name":"Contact"}]},{"@type":"WebSite","@id":"https:\/\/www.biyotee.com\/#website","url":"https:\/\/www.biyotee.com\/","name":"Biyotee","description":"Radio lights up the city","potentialAction":[{"@type":"SearchAction","target":{"@type":"EntryPoint","urlTemplate":"https:\/\/www.biyotee.com\/?s={search_term_string}"},"query-input":{"@type":"PropertyValueSpecification","valueRequired":true,"valueName":"search_term_string"}}],"inLanguage":"en-GB"}]}},"_links":{"self":[{"href":"https:\/\/www.biyotee.com\/en\/wp-json\/wp\/v2\/pages\/44"}],"collection":[{"href":"https:\/\/www.biyotee.com\/en\/wp-json\/wp\/v2\/pages"}],"about":[{"href":"https:\/\/www.biyotee.com\/en\/wp-json\/wp\/v2\/types\/page"}],"author":[{"embeddable":true,"href":"https:\/\/www.biyotee.com\/en\/wp-json\/wp\/v2\/users\/5"}],"replies":[{"embeddable":true,"href":"https:\/\/www.biyotee.com\/en\/wp-json\/wp\/v2\/comments?post=44"}],"version-history":[{"count":33,"href":"https:\/\/www.biyotee.com\/en\/wp-json\/wp\/v2\/pages\/44\/revisions"}],"predecessor-version":[{"id":1294,"href":"https:\/\/www.biyotee.com\/en\/wp-json\/wp\/v2\/pages\/44\/revisions\/1294"}],"wp:attachment":[{"href":"https:\/\/www.biyotee.com\/en\/wp-json\/wp\/v2\/media?parent=44"}],"curies":[{"name":"wp","href":"https:\/\/api.w.org\/{rel}","templated":true}]}}